{"id":476,"date":"2020-12-19T13:58:30","date_gmt":"2020-12-19T12:58:30","guid":{"rendered":"http:\/\/www.ergotherapie-himml.de\/?page_id=476"},"modified":"2020-12-19T13:58:30","modified_gmt":"2020-12-19T12:58:30","slug":"kontakt","status":"publish","type":"page","link":"https:\/\/recursing-brown.85-215-64-142.plesk.page\/index.php\/kontakt\/","title":{"rendered":"Kontakt"},"content":{"rendered":"<h1>Sie haben Fragen?<\/h1>\n<h1>NEHMEN SIE KONTAKT ZU UNS AUF.<\/h1>\n<h5>\u00dcber die untenstehenden Kontaktdaten sowie das f\u00fcr Sie eingerichtete Kontaktformular k\u00f6nnen Sie gerne bei Fragen zu Terminen, freien Therapiepl\u00e4tzen oder generellen Anliegen rund um die Ergotherapie mit uns Kontakt aufnehmen.<\/h5>\n<h3>Telefon<\/h3>\n<p>Tel.:&nbsp;<a href=\"tel:0049228650475\">(0228) 65 04 75<\/a><\/p>\n<p>Fax: <a href=\"tel:004922844674389\">(0228) 44 67 43 89<\/a><\/p>\n<h3>E-Mail<\/h3>\n<p><a href=\"mailto:info@ergotherapie-himml.de\" target=\"_blank\" rel=\"noopener\">info(at)ergotherapie-himml.de<\/a><\/p>\n<h3>\u00d6ffnungszeiten<\/h3>\n<p>Montag &#8211; Donnerstag: 9:00 Uhr &#8211; 17:00 Uhr<\/p>\n<h3>Adresse<\/h3>\n<p>Prinz-Albert-Stra\u00dfe 34<\/p>\n<p>53113 Bonn<\/p>\n<p>\t\t\t<svg xmlns=\"http:\/\/www.w3.org\/2000\/svg\" id=\"a72f1db4-4b9f-4cbc-ac4c-a54efeaf8336\" data-name=\"Layer 1\" width=\"100\" height=\"100\" viewBox=\"0 0 100 100\"><title>Shape<\/title><path id=\"aecdc5f9-a79f-465f-8b06-186d589ccd57\" data-name=\"Shape\" d=\"M0,100V0H50V50h50v50Z\" style=\"fill-rule:evenodd\"><\/path><\/svg>\t\t\t<\/p>\n<h3>Nehmen Sie Kontakt zu uns auf<\/h3>\n<p role=\"status\" aria-live=\"polite\" aria-atomic=\"true\">\n<ul><\/ul>\n<form action=\"\/wp-admin\/admin-ajax.php#wpcf7-f1471-o3\" method=\"post\" aria-label=\"Kontaktformular\" novalidate=\"novalidate\" data-status=\"init\">\n<input type=\"hidden\" name=\"_wpcf7\" value=\"1471\" \/><br \/>\n<input type=\"hidden\" name=\"_wpcf7_version\" value=\"5.8\" \/><br \/>\n<input type=\"hidden\" name=\"_wpcf7_locale\" value=\"de_DE\" \/><br \/>\n<input type=\"hidden\" name=\"_wpcf7_unit_tag\" value=\"wpcf7-f1471-o3\" \/><br \/>\n<input type=\"hidden\" name=\"_wpcf7_container_post\" value=\"0\" \/><br \/>\n<input type=\"hidden\" name=\"_wpcf7_posted_data_hash\" value=\"\" \/><\/p>\n<p><label> Ihr Name<br \/>\n<input size=\"40\" autocomplete=\"name\" aria-required=\"true\" aria-invalid=\"false\" value=\"\" type=\"text\" name=\"your-name\" \/> <\/label>\n<\/p>\n<p><label> Ihre E-Mail-Adresse<br \/>\n<input size=\"40\" autocomplete=\"email\" aria-required=\"true\" aria-invalid=\"false\" value=\"\" type=\"email\" name=\"your-email\" \/> <\/label>\n<\/p>\n<p><label> Betreff<br \/>\n<input size=\"40\" aria-required=\"true\" aria-invalid=\"false\" value=\"\" type=\"text\" name=\"your-subject\" \/> <\/label>\n<\/p>\n<p><label> Ihre Nachricht (optional)<br \/>\n<textarea cols=\"40\" rows=\"10\" aria-invalid=\"false\" name=\"your-message\"><\/textarea> <\/label>\n<\/p>\n<p><input type=\"submit\" value=\"Senden\" \/>\n<\/p>\n<\/form>\n<p>\t\t\t<iframe loading=\"lazy\"\n\t\t\t\t\tsrc=\"https:\/\/maps.google.com\/maps?q=Prinz-Albert-Stra%C3%9Fe%2034%2C%20Bonn&#038;t=m&#038;z=10&#038;output=embed&#038;iwloc=near\"\n\t\t\t\t\ttitle=\"Prinz-Albert-Stra\u00dfe 34, Bonn\"\n\t\t\t\t\taria-label=\"Prinz-Albert-Stra\u00dfe 34, Bonn\"\n\t\t\t><\/iframe><\/p>\n","protected":false},"excerpt":{"rendered":"<p>Sie haben Fragen? NEHMEN SIE KONTAKT ZU UNS AUF. \u00dcber die untenstehenden Kontaktdaten sowie das f\u00fcr Sie eingerichtete Kontaktformular k\u00f6nnen Sie gerne bei Fragen zu Terminen, freien Therapiepl\u00e4tzen oder generellen Anliegen rund um die Ergotherapie mit uns Kontakt aufnehmen. Telefon Tel.:&nbsp;(0228) 65 04 75 Fax: (0228) 44 67 43 89 E-Mail info(at)ergotherapie-himml.de \u00d6ffnungszeiten Montag &#8211; [&hellip;]<\/p>\n","protected":false},"author":1,"featured_media":0,"parent":0,"menu_order":0,"comment_status":"closed","ping_status":"closed","template":"elementor_header_footer","meta":{"footnotes":""},"_links":{"self":[{"href":"https:\/\/recursing-brown.85-215-64-142.plesk.page\/index.php\/wp-json\/wp\/v2\/pages\/476"}],"collection":[{"href":"https:\/\/recursing-brown.85-215-64-142.plesk.page\/index.php\/wp-json\/wp\/v2\/pages"}],"about":[{"href":"https:\/\/recursing-brown.85-215-64-142.plesk.page\/index.php\/wp-json\/wp\/v2\/types\/page"}],"author":[{"embeddable":true,"href":"https:\/\/recursing-brown.85-215-64-142.plesk.page\/index.php\/wp-json\/wp\/v2\/users\/1"}],"replies":[{"embeddable":true,"href":"https:\/\/recursing-brown.85-215-64-142.plesk.page\/index.php\/wp-json\/wp\/v2\/comments?post=476"}],"version-history":[{"count":0,"href":"https:\/\/recursing-brown.85-215-64-142.plesk.page\/index.php\/wp-json\/wp\/v2\/pages\/476\/revisions"}],"wp:attachment":[{"href":"https:\/\/recursing-brown.85-215-64-142.plesk.page\/index.php\/wp-json\/wp\/v2\/media?parent=476"}],"curies":[{"name":"wp","href":"https:\/\/api.w.org\/{rel}","templated":true}]}}