{"id":471,"date":"2020-12-19T13:56:37","date_gmt":"2020-12-19T12:56:37","guid":{"rendered":"http:\/\/www.ergotherapie-himml.de\/?page_id=471"},"modified":"2023-11-22T11:10:04","modified_gmt":"2023-11-22T11:10:04","slug":"ueber-uns","status":"publish","type":"page","link":"https:\/\/recursing-brown.85-215-64-142.plesk.page\/index.php\/ueber-uns\/","title":{"rendered":"\u00dcber Uns"},"content":{"rendered":"\n<div class=\"wp-block-cover\"><span aria-hidden=\"true\" class=\"wp-block-cover__background has-background-dim\"><\/span><img loading=\"lazy\" decoding=\"async\" width=\"2048\" height=\"1153\" class=\"wp-block-cover__image-background wp-image-1454\" alt=\"\" src=\"https:\/\/recursing-brown.85-215-64-142.plesk.page\/wp-content\/uploads\/2023\/08\/Svenja-Himml-Ergotherapie-Raeume-18.jpg\" style=\"object-position:50% 76%\" data-object-fit=\"cover\" data-object-position=\"50% 76%\" srcset=\"https:\/\/recursing-brown.85-215-64-142.plesk.page\/wp-content\/uploads\/2023\/08\/Svenja-Himml-Ergotherapie-Raeume-18.jpg 2048w, https:\/\/recursing-brown.85-215-64-142.plesk.page\/wp-content\/uploads\/2023\/08\/Svenja-Himml-Ergotherapie-Raeume-18-300x169.jpg 300w, https:\/\/recursing-brown.85-215-64-142.plesk.page\/wp-content\/uploads\/2023\/08\/Svenja-Himml-Ergotherapie-Raeume-18-1024x577.jpg 1024w, https:\/\/recursing-brown.85-215-64-142.plesk.page\/wp-content\/uploads\/2023\/08\/Svenja-Himml-Ergotherapie-Raeume-18-768x432.jpg 768w, https:\/\/recursing-brown.85-215-64-142.plesk.page\/wp-content\/uploads\/2023\/08\/Svenja-Himml-Ergotherapie-Raeume-18-1536x865.jpg 1536w\" sizes=\"(max-width: 2048px) 100vw, 2048px\" \/><div class=\"wp-block-cover__inner-container is-layout-flow wp-block-cover-is-layout-flow\">\n<p class=\"has-text-align-center has-large-font-size\">\u00dcber 10 Jahre Erfahrung im Bereich der Ergotherapie mit Kindern<\/p>\n<\/div><\/div>\n\n\n\n<div class=\"wp-block-group is-layout-constrained wp-block-group-is-layout-constrained\">\n<div class=\"wp-block-media-text is-stacked-on-mobile is-image-fill\"><figure class=\"wp-block-media-text__media\" style=\"background-image:url(https:\/\/recursing-brown.85-215-64-142.plesk.page\/wp-content\/uploads\/2023\/11\/Svenja-Himml-Portrait-e1700651361921-682x1024.jpg);background-position:50% 50%\"><img loading=\"lazy\" decoding=\"async\" width=\"682\" height=\"1024\" src=\"https:\/\/recursing-brown.85-215-64-142.plesk.page\/wp-content\/uploads\/2023\/11\/Svenja-Himml-Portrait-e1700651361921-682x1024.jpg\" alt=\"\" class=\"wp-image-1706 size-full\" srcset=\"https:\/\/recursing-brown.85-215-64-142.plesk.page\/wp-content\/uploads\/2023\/11\/Svenja-Himml-Portrait-e1700651361921-682x1024.jpg 682w, https:\/\/recursing-brown.85-215-64-142.plesk.page\/wp-content\/uploads\/2023\/11\/Svenja-Himml-Portrait-e1700651361921-200x300.jpg 200w, https:\/\/recursing-brown.85-215-64-142.plesk.page\/wp-content\/uploads\/2023\/11\/Svenja-Himml-Portrait-e1700651361921-768x1154.jpg 768w, https:\/\/recursing-brown.85-215-64-142.plesk.page\/wp-content\/uploads\/2023\/11\/Svenja-Himml-Portrait-e1700651361921.jpg 802w\" sizes=\"(max-width: 682px) 100vw, 682px\" \/><\/figure><div class=\"wp-block-media-text__content\">\n<h2 class=\"wp-block-heading\">Svenja Himml<\/h2>\n\n\n\n<p>Nach meiner Ausbildung zur staatlich anerkannten Ergotherapeutin habe ich neun Jahre Berufserfahrung in Kinderpraxis D.Saure gesammelt, davon war ich acht Jahre fachliche Leitung des Bereichs Ergotherapie.<\/p>\n\n\n\n<p>Selbstverst\u00e4ndlich ist f\u00fcr mich die regelm\u00e4\u00dfige Teilnahme an zahlreichen Seminaren im Rahmen der Fortbildungspflicht f\u00fcr leitende Therapeuten.<\/p>\n<\/div><\/div>\n\n\n\n<div class=\"wp-block-media-text has-media-on-the-right is-stacked-on-mobile\"><div class=\"wp-block-media-text__content\">\n<h2 class=\"wp-block-heading\">Kevin Godau<\/h2>\n\n\n\n<p>Staatlich anerkannter Ergotherapeut.<\/p>\n<\/div><figure class=\"wp-block-media-text__media\"><img loading=\"lazy\" decoding=\"async\" width=\"683\" height=\"1024\" src=\"https:\/\/recursing-brown.85-215-64-142.plesk.page\/wp-content\/uploads\/2023\/11\/Kevin-Godau-Portrait-683x1024.jpg\" alt=\"\" class=\"wp-image-1705 size-full\" srcset=\"https:\/\/recursing-brown.85-215-64-142.plesk.page\/wp-content\/uploads\/2023\/11\/Kevin-Godau-Portrait-683x1024.jpg 683w, https:\/\/recursing-brown.85-215-64-142.plesk.page\/wp-content\/uploads\/2023\/11\/Kevin-Godau-Portrait-200x300.jpg 200w, https:\/\/recursing-brown.85-215-64-142.plesk.page\/wp-content\/uploads\/2023\/11\/Kevin-Godau-Portrait-768x1152.jpg 768w, https:\/\/recursing-brown.85-215-64-142.plesk.page\/wp-content\/uploads\/2023\/11\/Kevin-Godau-Portrait.jpg 1000w\" sizes=\"(max-width: 683px) 100vw, 683px\" \/><\/figure><\/div>\n<\/div>\n\n\n\n<p><\/p>\n","protected":false},"excerpt":{"rendered":"<p>Svenja Himml Nach meiner Ausbildung zur staatlich anerkannten Ergotherapeutin habe ich neun Jahre Berufserfahrung in Kinderpraxis D.Saure gesammelt, davon war ich acht Jahre fachliche Leitung des Bereichs Ergotherapie. Selbstverst\u00e4ndlich ist f\u00fcr mich die regelm\u00e4\u00dfige Teilnahme an zahlreichen Seminaren im Rahmen der Fortbildungspflicht f\u00fcr leitende Therapeuten. Kevin Godau Staatlich anerkannter Ergotherapeut.<\/p>\n","protected":false},"author":1,"featured_media":0,"parent":0,"menu_order":0,"comment_status":"closed","ping_status":"closed","template":"","meta":{"footnotes":""},"_links":{"self":[{"href":"https:\/\/recursing-brown.85-215-64-142.plesk.page\/index.php\/wp-json\/wp\/v2\/pages\/471"}],"collection":[{"href":"https:\/\/recursing-brown.85-215-64-142.plesk.page\/index.php\/wp-json\/wp\/v2\/pages"}],"about":[{"href":"https:\/\/recursing-brown.85-215-64-142.plesk.page\/index.php\/wp-json\/wp\/v2\/types\/page"}],"author":[{"embeddable":true,"href":"https:\/\/recursing-brown.85-215-64-142.plesk.page\/index.php\/wp-json\/wp\/v2\/users\/1"}],"replies":[{"embeddable":true,"href":"https:\/\/recursing-brown.85-215-64-142.plesk.page\/index.php\/wp-json\/wp\/v2\/comments?post=471"}],"version-history":[{"count":8,"href":"https:\/\/recursing-brown.85-215-64-142.plesk.page\/index.php\/wp-json\/wp\/v2\/pages\/471\/revisions"}],"predecessor-version":[{"id":1709,"href":"https:\/\/recursing-brown.85-215-64-142.plesk.page\/index.php\/wp-json\/wp\/v2\/pages\/471\/revisions\/1709"}],"wp:attachment":[{"href":"https:\/\/recursing-brown.85-215-64-142.plesk.page\/index.php\/wp-json\/wp\/v2\/media?parent=471"}],"curies":[{"name":"wp","href":"https:\/\/api.w.org\/{rel}","templated":true}]}}