{"id":458,"date":"2020-12-19T13:55:21","date_gmt":"2020-12-19T12:55:21","guid":{"rendered":"http:\/\/www.ergotherapie-himml.de\/?page_id=458"},"modified":"2023-11-21T16:19:25","modified_gmt":"2023-11-21T16:19:25","slug":"ergotherapie","status":"publish","type":"page","link":"https:\/\/recursing-brown.85-215-64-142.plesk.page\/index.php\/ergotherapie\/","title":{"rendered":"Ergotherapie"},"content":{"rendered":"\n<div class=\"wp-block-cover\"><span aria-hidden=\"true\" class=\"wp-block-cover__background has-background-dim\"><\/span><img loading=\"lazy\" decoding=\"async\" width=\"2000\" height=\"1333\" class=\"wp-block-cover__image-background wp-image-1607\" alt=\"\" src=\"https:\/\/recursing-brown.85-215-64-142.plesk.page\/wp-content\/uploads\/2023\/08\/Ergotherapie-Svenja-Himml-Kind-1.jpg\" data-object-fit=\"cover\" srcset=\"https:\/\/recursing-brown.85-215-64-142.plesk.page\/wp-content\/uploads\/2023\/08\/Ergotherapie-Svenja-Himml-Kind-1.jpg 2000w, https:\/\/recursing-brown.85-215-64-142.plesk.page\/wp-content\/uploads\/2023\/08\/Ergotherapie-Svenja-Himml-Kind-1-300x200.jpg 300w, https:\/\/recursing-brown.85-215-64-142.plesk.page\/wp-content\/uploads\/2023\/08\/Ergotherapie-Svenja-Himml-Kind-1-1024x682.jpg 1024w, https:\/\/recursing-brown.85-215-64-142.plesk.page\/wp-content\/uploads\/2023\/08\/Ergotherapie-Svenja-Himml-Kind-1-768x512.jpg 768w, https:\/\/recursing-brown.85-215-64-142.plesk.page\/wp-content\/uploads\/2023\/08\/Ergotherapie-Svenja-Himml-Kind-1-1536x1024.jpg 1536w\" sizes=\"(max-width: 2000px) 100vw, 2000px\" \/><div class=\"wp-block-cover__inner-container is-layout-constrained wp-container-core-cover-is-layout-1 wp-block-cover-is-layout-constrained\">\n<p class=\"has-text-align-center has-large-font-size\">Ergotherapie im Fachbereich P\u00e4diatrie<\/p>\n<\/div><\/div>\n\n\n\n<div class=\"wp-block-group is-layout-constrained wp-block-group-is-layout-constrained\">\n<p>Wurde durch Ihren Kinderarzt eine motorische oder kognitive Entwicklungsverz\u00f6gerung oder Wahrnehmungsst\u00f6rung diagnostiziert, so kommt oft eine ergotherapeutische Behandlung in Frage.<\/p>\n\n\n\n<p>Der Einsatz der Therapie kann bereits im fr\u00fchen Kindergartenalter beginnen und kann sich bis in das Jugendalter vollziehen. So besteht die fr\u00fchzeitige M\u00f6glichkeit, Einschr\u00e4nkungen oder Entwicklungsst\u00f6rungen zu erkennen und zu behandeln.<\/p>\n\n\n\n<h2 class=\"wp-block-heading\">FAQ: Wissenswertes zur Ergotherapie<\/h2>\n\n\n\n<h3 class=\"wp-block-heading\">Definition der Ergotherapie nach DVE<\/h3>\n\n\n\n<p>Ergotherapie unterst\u00fctzt und begleitet Menschen jeden Alters, die in ihrer Handlungsf\u00e4higkeit eingeschr\u00e4nkt oder von Einschr\u00e4nkungen bedroht sind. Ziel ist, sie bei der Durchf\u00fchrung f\u00fcr sie bedeutungsvoller Bet\u00e4tigungen in den Bereichen Selbstversorgung, Produktivit\u00e4t und Freizeit in ihrer pers\u00f6nlichen Umwelt zu st\u00e4rken.<\/p>\n\n\n\n<p>Hierbei dienen spezifische Aktivit\u00e4ten, Umweltanpassung und Beratung dazu, dem Menschen Handlungsf\u00e4higkeit im Alltag, gesellschaftliche Teilhabe und eine Verbesserung seiner Lebensqualit\u00e4t zu erm\u00f6glichen.<\/p>\n\n\n\n<h3 class=\"wp-block-heading\">Muss eine Ergotherapie verschrieben werden?<\/h3>\n\n\n\n<p>Ja, eine ergotherapeutische Behandlung muss im Vorfeld von Ihrem Hausarzt verschrieben worden sein.<\/p>\n\n\n\n<h3 class=\"wp-block-heading\">Wann verschreibt ein Arzt meinem Kind eine Ergotherapie?<\/h3>\n\n\n\n<p>Ergotherapie wird von Ihrem Haus-oder Facharzt verschrieben bei:<\/p>\n\n\n\n<ul>\n<li>Konzentrations-und Aufmerksamkeitsst\u00f6rungen<\/li>\n\n\n\n<li>ADS\/ADHS<\/li>\n\n\n\n<li>Wahrnehmungsst\u00f6rungen auditiv,visuell oder kin\u00e4sthetisch<\/li>\n\n\n\n<li>Einschr\u00e4nkungen in der Grafomotorik<\/li>\n\n\n\n<li>St\u00f6rungen der Grob- und Feinmotorik<\/li>\n\n\n\n<li>Lern- und Teilleistungsst\u00f6rungen<\/li>\n\n\n\n<li>Defiziten in der Schulf\u00e4higkeit<\/li>\n<\/ul>\n\n\n\n<h3 class=\"wp-block-heading\">Sind therapiebegleitende Ma\u00dfnahmen vorgesehen?<\/h3>\n\n\n\n<p>Ja. Therapiebegleitende Ma\u00dfnahmen sind vorgesehen und wichtig f\u00fcr den Erfolg der Therapie.<\/p>\n\n\n\n<p>Diese umfassen an erster Stelle die Beratung der Elterm, Lehrer und Erzieher, deren Verst\u00e4ndnis f\u00fcr die Therapie oft entscheidend ist. Nur \u00fcber einen ganzheitlichen Austausch mit Familie und schulischem Umfeld kann eine Therapie zum Erfolg f\u00fchren.<\/p>\n\n\n\n<h3 class=\"wp-block-heading\">Was wird in der Ergotherapie gemacht?<\/h3>\n\n\n\n<p>In einer Ergotherapie werden die folgenden Kerngebiete behandelt:<\/p>\n\n\n\n<ul>\n<li>Diagnostik der Entwicklung zur Erfassung der F\u00e4higkeiten und Fertigkeiten, sowie der Probleme des Kindes<\/li>\n\n\n\n<li>Aufstellung von Behandlungszielen und Behandlungsplan<\/li>\n\n\n\n<li>Elternanleitung, -beratung und -begleitung<\/li>\n\n\n\n<li>Beratung und Einbindung von Lehrern und Erziehern<\/li>\n<\/ul>\n<\/div>\n","protected":false},"excerpt":{"rendered":"<p>Wurde durch Ihren Kinderarzt eine motorische oder kognitive Entwicklungsverz\u00f6gerung oder Wahrnehmungsst\u00f6rung diagnostiziert, so kommt oft eine ergotherapeutische Behandlung in Frage. Der Einsatz der Therapie kann bereits im fr\u00fchen Kindergartenalter beginnen und kann sich bis in das Jugendalter vollziehen. So besteht die fr\u00fchzeitige M\u00f6glichkeit, Einschr\u00e4nkungen oder Entwicklungsst\u00f6rungen zu erkennen und zu behandeln. FAQ: Wissenswertes zur Ergotherapie [&hellip;]<\/p>\n","protected":false},"author":1,"featured_media":0,"parent":0,"menu_order":0,"comment_status":"closed","ping_status":"closed","template":"elementor_header_footer","meta":{"footnotes":""},"_links":{"self":[{"href":"https:\/\/recursing-brown.85-215-64-142.plesk.page\/index.php\/wp-json\/wp\/v2\/pages\/458"}],"collection":[{"href":"https:\/\/recursing-brown.85-215-64-142.plesk.page\/index.php\/wp-json\/wp\/v2\/pages"}],"about":[{"href":"https:\/\/recursing-brown.85-215-64-142.plesk.page\/index.php\/wp-json\/wp\/v2\/types\/page"}],"author":[{"embeddable":true,"href":"https:\/\/recursing-brown.85-215-64-142.plesk.page\/index.php\/wp-json\/wp\/v2\/users\/1"}],"replies":[{"embeddable":true,"href":"https:\/\/recursing-brown.85-215-64-142.plesk.page\/index.php\/wp-json\/wp\/v2\/comments?post=458"}],"version-history":[{"count":3,"href":"https:\/\/recursing-brown.85-215-64-142.plesk.page\/index.php\/wp-json\/wp\/v2\/pages\/458\/revisions"}],"predecessor-version":[{"id":1699,"href":"https:\/\/recursing-brown.85-215-64-142.plesk.page\/index.php\/wp-json\/wp\/v2\/pages\/458\/revisions\/1699"}],"wp:attachment":[{"href":"https:\/\/recursing-brown.85-215-64-142.plesk.page\/index.php\/wp-json\/wp\/v2\/media?parent=458"}],"curies":[{"name":"wp","href":"https:\/\/api.w.org\/{rel}","templated":true}]}}