{"id":1435,"date":"2023-08-21T14:16:55","date_gmt":"2023-08-21T12:16:55","guid":{"rendered":"https:\/\/www.ergotherapie-himml.de\/?page_id=1435"},"modified":"2023-11-22T11:26:43","modified_gmt":"2023-11-22T11:26:43","slug":"unsere-praxis","status":"publish","type":"page","link":"https:\/\/recursing-brown.85-215-64-142.plesk.page\/index.php\/unsere-praxis\/","title":{"rendered":"Unsere Praxis"},"content":{"rendered":"\n<div class=\"wp-block-group is-layout-constrained wp-block-group-is-layout-constrained\">\n<p>Die Kinderpraxis f\u00fcr Ergotherapie Svenja Himml \u00fcbernimmt die Nachfolge der interdisziplin\u00e4ren Kinderpraxis Dorli Saure. Seit Anfang des Jahres 2021 leitet die staatlich anerkannte Ergotherapeutin Svenja Himml die Praxis unter neuem Namen.<\/p>\n\n\n\n<p>Die Kinderpraxis f\u00fcr Ergotherapie Svenja Himml ist eine der wenigen ergotherapeutischen Praxen, welche ausschlie\u00dflich auf die Behandlung von Kindern spezialisiert sind.<\/p>\n<\/div>\n\n\n\n<figure class=\"wp-block-gallery has-nested-images columns-3 is-cropped wp-block-gallery-1 is-layout-flex wp-block-gallery-is-layout-flex\">\n<figure class=\"wp-block-image size-large\"><a href=\"https:\/\/recursing-brown.85-215-64-142.plesk.page\/wp-content\/uploads\/2023\/08\/Svenja-Himml-Ergotherapie-Raeume-1.jpg\"><img loading=\"lazy\" decoding=\"async\" width=\"1024\" height=\"683\" data-id=\"1437\" src=\"https:\/\/recursing-brown.85-215-64-142.plesk.page\/wp-content\/uploads\/2023\/08\/Svenja-Himml-Ergotherapie-Raeume-1-1024x683.jpg\" alt=\"\" class=\"wp-image-1437\" srcset=\"https:\/\/recursing-brown.85-215-64-142.plesk.page\/wp-content\/uploads\/2023\/08\/Svenja-Himml-Ergotherapie-Raeume-1-1024x683.jpg 1024w, https:\/\/recursing-brown.85-215-64-142.plesk.page\/wp-content\/uploads\/2023\/08\/Svenja-Himml-Ergotherapie-Raeume-1-300x200.jpg 300w, https:\/\/recursing-brown.85-215-64-142.plesk.page\/wp-content\/uploads\/2023\/08\/Svenja-Himml-Ergotherapie-Raeume-1-768x512.jpg 768w, https:\/\/recursing-brown.85-215-64-142.plesk.page\/wp-content\/uploads\/2023\/08\/Svenja-Himml-Ergotherapie-Raeume-1-1536x1024.jpg 1536w, https:\/\/recursing-brown.85-215-64-142.plesk.page\/wp-content\/uploads\/2023\/08\/Svenja-Himml-Ergotherapie-Raeume-1.jpg 2048w\" sizes=\"(max-width: 1024px) 100vw, 1024px\" \/><\/a><\/figure>\n\n\n\n<figure class=\"wp-block-image size-large\"><a href=\"https:\/\/recursing-brown.85-215-64-142.plesk.page\/wp-content\/uploads\/2023\/08\/Svenja-Himml-Ergotherapie-Raeume-20-scaled-1.jpg\"><img loading=\"lazy\" decoding=\"async\" width=\"1024\" height=\"685\" data-id=\"1456\" src=\"https:\/\/recursing-brown.85-215-64-142.plesk.page\/wp-content\/uploads\/2023\/08\/Svenja-Himml-Ergotherapie-Raeume-20-scaled-1-1024x685.jpg\" alt=\"\" class=\"wp-image-1456\" srcset=\"https:\/\/recursing-brown.85-215-64-142.plesk.page\/wp-content\/uploads\/2023\/08\/Svenja-Himml-Ergotherapie-Raeume-20-scaled-1-1024x685.jpg 1024w, https:\/\/recursing-brown.85-215-64-142.plesk.page\/wp-content\/uploads\/2023\/08\/Svenja-Himml-Ergotherapie-Raeume-20-scaled-1-300x201.jpg 300w, https:\/\/recursing-brown.85-215-64-142.plesk.page\/wp-content\/uploads\/2023\/08\/Svenja-Himml-Ergotherapie-Raeume-20-scaled-1-768x514.jpg 768w, https:\/\/recursing-brown.85-215-64-142.plesk.page\/wp-content\/uploads\/2023\/08\/Svenja-Himml-Ergotherapie-Raeume-20-scaled-1-1536x1028.jpg 1536w, https:\/\/recursing-brown.85-215-64-142.plesk.page\/wp-content\/uploads\/2023\/08\/Svenja-Himml-Ergotherapie-Raeume-20-scaled-1-2048x1370.jpg 2048w\" sizes=\"(max-width: 1024px) 100vw, 1024px\" \/><\/a><\/figure>\n\n\n\n<figure class=\"wp-block-image size-large\"><a href=\"https:\/\/recursing-brown.85-215-64-142.plesk.page\/wp-content\/uploads\/2023\/08\/Svenja-Himml-Ergotherapie-Raeume-19-scaled-1.jpg\"><img loading=\"lazy\" decoding=\"async\" width=\"1024\" height=\"602\" data-id=\"1455\" src=\"https:\/\/recursing-brown.85-215-64-142.plesk.page\/wp-content\/uploads\/2023\/08\/Svenja-Himml-Ergotherapie-Raeume-19-scaled-1-1024x602.jpg\" alt=\"\" class=\"wp-image-1455\" srcset=\"https:\/\/recursing-brown.85-215-64-142.plesk.page\/wp-content\/uploads\/2023\/08\/Svenja-Himml-Ergotherapie-Raeume-19-scaled-1-1024x602.jpg 1024w, https:\/\/recursing-brown.85-215-64-142.plesk.page\/wp-content\/uploads\/2023\/08\/Svenja-Himml-Ergotherapie-Raeume-19-scaled-1-300x176.jpg 300w, https:\/\/recursing-brown.85-215-64-142.plesk.page\/wp-content\/uploads\/2023\/08\/Svenja-Himml-Ergotherapie-Raeume-19-scaled-1-768x451.jpg 768w, https:\/\/recursing-brown.85-215-64-142.plesk.page\/wp-content\/uploads\/2023\/08\/Svenja-Himml-Ergotherapie-Raeume-19-scaled-1-1536x902.jpg 1536w, https:\/\/recursing-brown.85-215-64-142.plesk.page\/wp-content\/uploads\/2023\/08\/Svenja-Himml-Ergotherapie-Raeume-19-scaled-1-2048x1203.jpg 2048w\" sizes=\"(max-width: 1024px) 100vw, 1024px\" \/><\/a><\/figure>\n\n\n\n<figure class=\"wp-block-image size-large\"><a href=\"https:\/\/recursing-brown.85-215-64-142.plesk.page\/wp-content\/uploads\/2023\/08\/Svenja-Himml-Ergotherapie-Raeume-18.jpg\"><img loading=\"lazy\" decoding=\"async\" width=\"1024\" height=\"577\" data-id=\"1454\" src=\"https:\/\/recursing-brown.85-215-64-142.plesk.page\/wp-content\/uploads\/2023\/08\/Svenja-Himml-Ergotherapie-Raeume-18-1024x577.jpg\" alt=\"\" class=\"wp-image-1454\" srcset=\"https:\/\/recursing-brown.85-215-64-142.plesk.page\/wp-content\/uploads\/2023\/08\/Svenja-Himml-Ergotherapie-Raeume-18-1024x577.jpg 1024w, https:\/\/recursing-brown.85-215-64-142.plesk.page\/wp-content\/uploads\/2023\/08\/Svenja-Himml-Ergotherapie-Raeume-18-300x169.jpg 300w, https:\/\/recursing-brown.85-215-64-142.plesk.page\/wp-content\/uploads\/2023\/08\/Svenja-Himml-Ergotherapie-Raeume-18-768x432.jpg 768w, https:\/\/recursing-brown.85-215-64-142.plesk.page\/wp-content\/uploads\/2023\/08\/Svenja-Himml-Ergotherapie-Raeume-18-1536x865.jpg 1536w, https:\/\/recursing-brown.85-215-64-142.plesk.page\/wp-content\/uploads\/2023\/08\/Svenja-Himml-Ergotherapie-Raeume-18.jpg 2048w\" sizes=\"(max-width: 1024px) 100vw, 1024px\" \/><\/a><\/figure>\n\n\n\n<figure class=\"wp-block-image size-large\"><a href=\"https:\/\/recursing-brown.85-215-64-142.plesk.page\/wp-content\/uploads\/2023\/08\/Svenja-Himml-Ergotherapie-Raeume-17.jpg\"><img loading=\"lazy\" decoding=\"async\" width=\"1024\" height=\"722\" data-id=\"1453\" src=\"https:\/\/recursing-brown.85-215-64-142.plesk.page\/wp-content\/uploads\/2023\/08\/Svenja-Himml-Ergotherapie-Raeume-17-1024x722.jpg\" alt=\"\" class=\"wp-image-1453\" srcset=\"https:\/\/recursing-brown.85-215-64-142.plesk.page\/wp-content\/uploads\/2023\/08\/Svenja-Himml-Ergotherapie-Raeume-17-1024x722.jpg 1024w, https:\/\/recursing-brown.85-215-64-142.plesk.page\/wp-content\/uploads\/2023\/08\/Svenja-Himml-Ergotherapie-Raeume-17-300x212.jpg 300w, https:\/\/recursing-brown.85-215-64-142.plesk.page\/wp-content\/uploads\/2023\/08\/Svenja-Himml-Ergotherapie-Raeume-17-768x542.jpg 768w, https:\/\/recursing-brown.85-215-64-142.plesk.page\/wp-content\/uploads\/2023\/08\/Svenja-Himml-Ergotherapie-Raeume-17-1536x1083.jpg 1536w, https:\/\/recursing-brown.85-215-64-142.plesk.page\/wp-content\/uploads\/2023\/08\/Svenja-Himml-Ergotherapie-Raeume-17.jpg 2048w\" sizes=\"(max-width: 1024px) 100vw, 1024px\" \/><\/a><\/figure>\n\n\n\n<figure class=\"wp-block-image size-large\"><a href=\"https:\/\/recursing-brown.85-215-64-142.plesk.page\/wp-content\/uploads\/2023\/08\/Svenja-Himml-Ergotherapie-Raeume-15.jpg\"><img loading=\"lazy\" decoding=\"async\" width=\"1024\" height=\"683\" data-id=\"1451\" src=\"https:\/\/recursing-brown.85-215-64-142.plesk.page\/wp-content\/uploads\/2023\/08\/Svenja-Himml-Ergotherapie-Raeume-15-1024x683.jpg\" alt=\"\" class=\"wp-image-1451\" srcset=\"https:\/\/recursing-brown.85-215-64-142.plesk.page\/wp-content\/uploads\/2023\/08\/Svenja-Himml-Ergotherapie-Raeume-15-1024x683.jpg 1024w, https:\/\/recursing-brown.85-215-64-142.plesk.page\/wp-content\/uploads\/2023\/08\/Svenja-Himml-Ergotherapie-Raeume-15-300x200.jpg 300w, https:\/\/recursing-brown.85-215-64-142.plesk.page\/wp-content\/uploads\/2023\/08\/Svenja-Himml-Ergotherapie-Raeume-15-768x512.jpg 768w, https:\/\/recursing-brown.85-215-64-142.plesk.page\/wp-content\/uploads\/2023\/08\/Svenja-Himml-Ergotherapie-Raeume-15-1536x1024.jpg 1536w, https:\/\/recursing-brown.85-215-64-142.plesk.page\/wp-content\/uploads\/2023\/08\/Svenja-Himml-Ergotherapie-Raeume-15.jpg 2048w\" sizes=\"(max-width: 1024px) 100vw, 1024px\" \/><\/a><\/figure>\n\n\n\n<figure class=\"wp-block-image size-large\"><a href=\"https:\/\/recursing-brown.85-215-64-142.plesk.page\/wp-content\/uploads\/2023\/08\/Svenja-Himml-Ergotherapie-Raeume-16.jpg\"><img loading=\"lazy\" decoding=\"async\" width=\"1024\" height=\"646\" data-id=\"1452\" src=\"https:\/\/recursing-brown.85-215-64-142.plesk.page\/wp-content\/uploads\/2023\/08\/Svenja-Himml-Ergotherapie-Raeume-16-1024x646.jpg\" alt=\"\" class=\"wp-image-1452\" srcset=\"https:\/\/recursing-brown.85-215-64-142.plesk.page\/wp-content\/uploads\/2023\/08\/Svenja-Himml-Ergotherapie-Raeume-16-1024x646.jpg 1024w, https:\/\/recursing-brown.85-215-64-142.plesk.page\/wp-content\/uploads\/2023\/08\/Svenja-Himml-Ergotherapie-Raeume-16-300x189.jpg 300w, https:\/\/recursing-brown.85-215-64-142.plesk.page\/wp-content\/uploads\/2023\/08\/Svenja-Himml-Ergotherapie-Raeume-16-768x484.jpg 768w, https:\/\/recursing-brown.85-215-64-142.plesk.page\/wp-content\/uploads\/2023\/08\/Svenja-Himml-Ergotherapie-Raeume-16-1536x968.jpg 1536w, https:\/\/recursing-brown.85-215-64-142.plesk.page\/wp-content\/uploads\/2023\/08\/Svenja-Himml-Ergotherapie-Raeume-16.jpg 2048w\" sizes=\"(max-width: 1024px) 100vw, 1024px\" \/><\/a><\/figure>\n\n\n\n<figure class=\"wp-block-image size-large\"><a href=\"https:\/\/recursing-brown.85-215-64-142.plesk.page\/wp-content\/uploads\/2023\/08\/Svenja-Himml-Ergotherapie-Raeume-14.jpg\"><img loading=\"lazy\" decoding=\"async\" width=\"1024\" height=\"683\" data-id=\"1450\" src=\"https:\/\/recursing-brown.85-215-64-142.plesk.page\/wp-content\/uploads\/2023\/08\/Svenja-Himml-Ergotherapie-Raeume-14-1024x683.jpg\" alt=\"\" class=\"wp-image-1450\" srcset=\"https:\/\/recursing-brown.85-215-64-142.plesk.page\/wp-content\/uploads\/2023\/08\/Svenja-Himml-Ergotherapie-Raeume-14-1024x683.jpg 1024w, https:\/\/recursing-brown.85-215-64-142.plesk.page\/wp-content\/uploads\/2023\/08\/Svenja-Himml-Ergotherapie-Raeume-14-300x200.jpg 300w, https:\/\/recursing-brown.85-215-64-142.plesk.page\/wp-content\/uploads\/2023\/08\/Svenja-Himml-Ergotherapie-Raeume-14-768x512.jpg 768w, https:\/\/recursing-brown.85-215-64-142.plesk.page\/wp-content\/uploads\/2023\/08\/Svenja-Himml-Ergotherapie-Raeume-14-1536x1024.jpg 1536w, https:\/\/recursing-brown.85-215-64-142.plesk.page\/wp-content\/uploads\/2023\/08\/Svenja-Himml-Ergotherapie-Raeume-14.jpg 2048w\" sizes=\"(max-width: 1024px) 100vw, 1024px\" \/><\/a><\/figure>\n\n\n\n<figure class=\"wp-block-image size-large\"><a href=\"https:\/\/recursing-brown.85-215-64-142.plesk.page\/wp-content\/uploads\/2023\/08\/Svenja-Himml-Ergotherapie-Raeume-13.jpg\"><img loading=\"lazy\" decoding=\"async\" width=\"1024\" height=\"683\" data-id=\"1449\" src=\"https:\/\/recursing-brown.85-215-64-142.plesk.page\/wp-content\/uploads\/2023\/08\/Svenja-Himml-Ergotherapie-Raeume-13-1024x683.jpg\" alt=\"\" class=\"wp-image-1449\" srcset=\"https:\/\/recursing-brown.85-215-64-142.plesk.page\/wp-content\/uploads\/2023\/08\/Svenja-Himml-Ergotherapie-Raeume-13-1024x683.jpg 1024w, https:\/\/recursing-brown.85-215-64-142.plesk.page\/wp-content\/uploads\/2023\/08\/Svenja-Himml-Ergotherapie-Raeume-13-300x200.jpg 300w, https:\/\/recursing-brown.85-215-64-142.plesk.page\/wp-content\/uploads\/2023\/08\/Svenja-Himml-Ergotherapie-Raeume-13-768x512.jpg 768w, https:\/\/recursing-brown.85-215-64-142.plesk.page\/wp-content\/uploads\/2023\/08\/Svenja-Himml-Ergotherapie-Raeume-13-1536x1024.jpg 1536w, https:\/\/recursing-brown.85-215-64-142.plesk.page\/wp-content\/uploads\/2023\/08\/Svenja-Himml-Ergotherapie-Raeume-13.jpg 2048w\" sizes=\"(max-width: 1024px) 100vw, 1024px\" \/><\/a><\/figure>\n\n\n\n<figure class=\"wp-block-image size-large\"><a href=\"https:\/\/recursing-brown.85-215-64-142.plesk.page\/wp-content\/uploads\/2023\/08\/Svenja-Himml-Ergotherapie-Raeume-12.jpg\"><img loading=\"lazy\" decoding=\"async\" width=\"1024\" height=\"683\" data-id=\"1448\" src=\"https:\/\/recursing-brown.85-215-64-142.plesk.page\/wp-content\/uploads\/2023\/08\/Svenja-Himml-Ergotherapie-Raeume-12-1024x683.jpg\" alt=\"\" class=\"wp-image-1448\" srcset=\"https:\/\/recursing-brown.85-215-64-142.plesk.page\/wp-content\/uploads\/2023\/08\/Svenja-Himml-Ergotherapie-Raeume-12-1024x683.jpg 1024w, https:\/\/recursing-brown.85-215-64-142.plesk.page\/wp-content\/uploads\/2023\/08\/Svenja-Himml-Ergotherapie-Raeume-12-300x200.jpg 300w, https:\/\/recursing-brown.85-215-64-142.plesk.page\/wp-content\/uploads\/2023\/08\/Svenja-Himml-Ergotherapie-Raeume-12-768x512.jpg 768w, https:\/\/recursing-brown.85-215-64-142.plesk.page\/wp-content\/uploads\/2023\/08\/Svenja-Himml-Ergotherapie-Raeume-12-1536x1024.jpg 1536w, https:\/\/recursing-brown.85-215-64-142.plesk.page\/wp-content\/uploads\/2023\/08\/Svenja-Himml-Ergotherapie-Raeume-12.jpg 2048w\" sizes=\"(max-width: 1024px) 100vw, 1024px\" \/><\/a><\/figure>\n\n\n\n<figure class=\"wp-block-image size-large\"><a href=\"https:\/\/recursing-brown.85-215-64-142.plesk.page\/wp-content\/uploads\/2023\/08\/Svenja-Himml-Ergotherapie-Raeume-11.jpg\"><img loading=\"lazy\" decoding=\"async\" width=\"683\" height=\"1024\" data-id=\"1447\" src=\"https:\/\/recursing-brown.85-215-64-142.plesk.page\/wp-content\/uploads\/2023\/08\/Svenja-Himml-Ergotherapie-Raeume-11-683x1024.jpg\" alt=\"\" class=\"wp-image-1447\" srcset=\"https:\/\/recursing-brown.85-215-64-142.plesk.page\/wp-content\/uploads\/2023\/08\/Svenja-Himml-Ergotherapie-Raeume-11-683x1024.jpg 683w, https:\/\/recursing-brown.85-215-64-142.plesk.page\/wp-content\/uploads\/2023\/08\/Svenja-Himml-Ergotherapie-Raeume-11-200x300.jpg 200w, https:\/\/recursing-brown.85-215-64-142.plesk.page\/wp-content\/uploads\/2023\/08\/Svenja-Himml-Ergotherapie-Raeume-11-768x1152.jpg 768w, https:\/\/recursing-brown.85-215-64-142.plesk.page\/wp-content\/uploads\/2023\/08\/Svenja-Himml-Ergotherapie-Raeume-11-1024x1536.jpg 1024w, https:\/\/recursing-brown.85-215-64-142.plesk.page\/wp-content\/uploads\/2023\/08\/Svenja-Himml-Ergotherapie-Raeume-11.jpg 1365w\" sizes=\"(max-width: 683px) 100vw, 683px\" \/><\/a><\/figure>\n\n\n\n<figure class=\"wp-block-image size-large\"><a href=\"https:\/\/recursing-brown.85-215-64-142.plesk.page\/wp-content\/uploads\/2023\/08\/Svenja-Himml-Ergotherapie-Raeume-10.jpg\"><img loading=\"lazy\" decoding=\"async\" width=\"683\" height=\"1024\" data-id=\"1446\" src=\"https:\/\/recursing-brown.85-215-64-142.plesk.page\/wp-content\/uploads\/2023\/08\/Svenja-Himml-Ergotherapie-Raeume-10-683x1024.jpg\" alt=\"\" class=\"wp-image-1446\" srcset=\"https:\/\/recursing-brown.85-215-64-142.plesk.page\/wp-content\/uploads\/2023\/08\/Svenja-Himml-Ergotherapie-Raeume-10-683x1024.jpg 683w, https:\/\/recursing-brown.85-215-64-142.plesk.page\/wp-content\/uploads\/2023\/08\/Svenja-Himml-Ergotherapie-Raeume-10-200x300.jpg 200w, https:\/\/recursing-brown.85-215-64-142.plesk.page\/wp-content\/uploads\/2023\/08\/Svenja-Himml-Ergotherapie-Raeume-10-768x1152.jpg 768w, https:\/\/recursing-brown.85-215-64-142.plesk.page\/wp-content\/uploads\/2023\/08\/Svenja-Himml-Ergotherapie-Raeume-10-1024x1536.jpg 1024w, https:\/\/recursing-brown.85-215-64-142.plesk.page\/wp-content\/uploads\/2023\/08\/Svenja-Himml-Ergotherapie-Raeume-10.jpg 1365w\" sizes=\"(max-width: 683px) 100vw, 683px\" \/><\/a><\/figure>\n\n\n\n<figure class=\"wp-block-image size-large\"><a href=\"https:\/\/recursing-brown.85-215-64-142.plesk.page\/wp-content\/uploads\/2023\/08\/Svenja-Himml-Ergotherapie-Raeume-8.jpg\"><img loading=\"lazy\" decoding=\"async\" width=\"683\" height=\"1024\" data-id=\"1444\" src=\"https:\/\/recursing-brown.85-215-64-142.plesk.page\/wp-content\/uploads\/2023\/08\/Svenja-Himml-Ergotherapie-Raeume-8-683x1024.jpg\" alt=\"\" class=\"wp-image-1444\" srcset=\"https:\/\/recursing-brown.85-215-64-142.plesk.page\/wp-content\/uploads\/2023\/08\/Svenja-Himml-Ergotherapie-Raeume-8-683x1024.jpg 683w, https:\/\/recursing-brown.85-215-64-142.plesk.page\/wp-content\/uploads\/2023\/08\/Svenja-Himml-Ergotherapie-Raeume-8-200x300.jpg 200w, https:\/\/recursing-brown.85-215-64-142.plesk.page\/wp-content\/uploads\/2023\/08\/Svenja-Himml-Ergotherapie-Raeume-8-768x1152.jpg 768w, https:\/\/recursing-brown.85-215-64-142.plesk.page\/wp-content\/uploads\/2023\/08\/Svenja-Himml-Ergotherapie-Raeume-8-1024x1536.jpg 1024w, https:\/\/recursing-brown.85-215-64-142.plesk.page\/wp-content\/uploads\/2023\/08\/Svenja-Himml-Ergotherapie-Raeume-8.jpg 1365w\" sizes=\"(max-width: 683px) 100vw, 683px\" \/><\/a><\/figure>\n\n\n\n<figure class=\"wp-block-image size-large\"><a href=\"https:\/\/recursing-brown.85-215-64-142.plesk.page\/wp-content\/uploads\/2023\/08\/Svenja-Himml-Ergotherapie-Raeume-5.jpg\"><img loading=\"lazy\" decoding=\"async\" width=\"1024\" height=\"683\" data-id=\"1441\" src=\"https:\/\/recursing-brown.85-215-64-142.plesk.page\/wp-content\/uploads\/2023\/08\/Svenja-Himml-Ergotherapie-Raeume-5-1024x683.jpg\" alt=\"\" class=\"wp-image-1441\" srcset=\"https:\/\/recursing-brown.85-215-64-142.plesk.page\/wp-content\/uploads\/2023\/08\/Svenja-Himml-Ergotherapie-Raeume-5-1024x683.jpg 1024w, https:\/\/recursing-brown.85-215-64-142.plesk.page\/wp-content\/uploads\/2023\/08\/Svenja-Himml-Ergotherapie-Raeume-5-300x200.jpg 300w, https:\/\/recursing-brown.85-215-64-142.plesk.page\/wp-content\/uploads\/2023\/08\/Svenja-Himml-Ergotherapie-Raeume-5-768x512.jpg 768w, https:\/\/recursing-brown.85-215-64-142.plesk.page\/wp-content\/uploads\/2023\/08\/Svenja-Himml-Ergotherapie-Raeume-5-1536x1024.jpg 1536w, https:\/\/recursing-brown.85-215-64-142.plesk.page\/wp-content\/uploads\/2023\/08\/Svenja-Himml-Ergotherapie-Raeume-5.jpg 2048w\" sizes=\"(max-width: 1024px) 100vw, 1024px\" \/><\/a><\/figure>\n\n\n\n<figure class=\"wp-block-image size-large\"><a href=\"https:\/\/recursing-brown.85-215-64-142.plesk.page\/wp-content\/uploads\/2023\/08\/Svenja-Himml-Ergotherapie-Raeume-4.jpg\"><img loading=\"lazy\" decoding=\"async\" width=\"1024\" height=\"683\" data-id=\"1440\" src=\"https:\/\/recursing-brown.85-215-64-142.plesk.page\/wp-content\/uploads\/2023\/08\/Svenja-Himml-Ergotherapie-Raeume-4-1024x683.jpg\" alt=\"\" class=\"wp-image-1440\" srcset=\"https:\/\/recursing-brown.85-215-64-142.plesk.page\/wp-content\/uploads\/2023\/08\/Svenja-Himml-Ergotherapie-Raeume-4-1024x683.jpg 1024w, https:\/\/recursing-brown.85-215-64-142.plesk.page\/wp-content\/uploads\/2023\/08\/Svenja-Himml-Ergotherapie-Raeume-4-300x200.jpg 300w, https:\/\/recursing-brown.85-215-64-142.plesk.page\/wp-content\/uploads\/2023\/08\/Svenja-Himml-Ergotherapie-Raeume-4-768x512.jpg 768w, https:\/\/recursing-brown.85-215-64-142.plesk.page\/wp-content\/uploads\/2023\/08\/Svenja-Himml-Ergotherapie-Raeume-4-1536x1024.jpg 1536w, https:\/\/recursing-brown.85-215-64-142.plesk.page\/wp-content\/uploads\/2023\/08\/Svenja-Himml-Ergotherapie-Raeume-4.jpg 2048w\" sizes=\"(max-width: 1024px) 100vw, 1024px\" \/><\/a><\/figure>\n\n\n\n<figure class=\"wp-block-image size-large\"><a href=\"https:\/\/recursing-brown.85-215-64-142.plesk.page\/wp-content\/uploads\/2023\/08\/Svenja-Himml-Ergotherapie-Raeume-3.jpg\"><img loading=\"lazy\" decoding=\"async\" width=\"1024\" height=\"683\" data-id=\"1439\" src=\"https:\/\/recursing-brown.85-215-64-142.plesk.page\/wp-content\/uploads\/2023\/08\/Svenja-Himml-Ergotherapie-Raeume-3-1024x683.jpg\" alt=\"\" class=\"wp-image-1439\" srcset=\"https:\/\/recursing-brown.85-215-64-142.plesk.page\/wp-content\/uploads\/2023\/08\/Svenja-Himml-Ergotherapie-Raeume-3-1024x683.jpg 1024w, https:\/\/recursing-brown.85-215-64-142.plesk.page\/wp-content\/uploads\/2023\/08\/Svenja-Himml-Ergotherapie-Raeume-3-300x200.jpg 300w, https:\/\/recursing-brown.85-215-64-142.plesk.page\/wp-content\/uploads\/2023\/08\/Svenja-Himml-Ergotherapie-Raeume-3-768x512.jpg 768w, https:\/\/recursing-brown.85-215-64-142.plesk.page\/wp-content\/uploads\/2023\/08\/Svenja-Himml-Ergotherapie-Raeume-3-1536x1024.jpg 1536w, https:\/\/recursing-brown.85-215-64-142.plesk.page\/wp-content\/uploads\/2023\/08\/Svenja-Himml-Ergotherapie-Raeume-3.jpg 2048w\" sizes=\"(max-width: 1024px) 100vw, 1024px\" \/><\/a><\/figure>\n\n\n\n<figure class=\"wp-block-image size-large\"><a href=\"https:\/\/recursing-brown.85-215-64-142.plesk.page\/wp-content\/uploads\/2023\/08\/Svenja-Himml-Ergotherapie-Raeume-2.jpg\"><img loading=\"lazy\" decoding=\"async\" width=\"683\" height=\"1024\" data-id=\"1438\" src=\"https:\/\/recursing-brown.85-215-64-142.plesk.page\/wp-content\/uploads\/2023\/08\/Svenja-Himml-Ergotherapie-Raeume-2-683x1024.jpg\" alt=\"\" class=\"wp-image-1438\" srcset=\"https:\/\/recursing-brown.85-215-64-142.plesk.page\/wp-content\/uploads\/2023\/08\/Svenja-Himml-Ergotherapie-Raeume-2-683x1024.jpg 683w, https:\/\/recursing-brown.85-215-64-142.plesk.page\/wp-content\/uploads\/2023\/08\/Svenja-Himml-Ergotherapie-Raeume-2-200x300.jpg 200w, https:\/\/recursing-brown.85-215-64-142.plesk.page\/wp-content\/uploads\/2023\/08\/Svenja-Himml-Ergotherapie-Raeume-2-768x1151.jpg 768w, https:\/\/recursing-brown.85-215-64-142.plesk.page\/wp-content\/uploads\/2023\/08\/Svenja-Himml-Ergotherapie-Raeume-2-1025x1536.jpg 1025w, https:\/\/recursing-brown.85-215-64-142.plesk.page\/wp-content\/uploads\/2023\/08\/Svenja-Himml-Ergotherapie-Raeume-2.jpg 1366w\" sizes=\"(max-width: 683px) 100vw, 683px\" \/><\/a><\/figure>\n<\/figure>\n","protected":false},"excerpt":{"rendered":"<p>Die Kinderpraxis f\u00fcr Ergotherapie Svenja Himml \u00fcbernimmt die Nachfolge der interdisziplin\u00e4ren Kinderpraxis Dorli Saure. Seit Anfang des Jahres 2021 leitet die staatlich anerkannte Ergotherapeutin Svenja Himml die Praxis unter neuem Namen. Die Kinderpraxis f\u00fcr Ergotherapie Svenja Himml ist eine der wenigen ergotherapeutischen Praxen, welche ausschlie\u00dflich auf die Behandlung von Kindern spezialisiert sind.<\/p>\n","protected":false},"author":1,"featured_media":0,"parent":0,"menu_order":0,"comment_status":"closed","ping_status":"closed","template":"","meta":{"footnotes":""},"_links":{"self":[{"href":"https:\/\/recursing-brown.85-215-64-142.plesk.page\/index.php\/wp-json\/wp\/v2\/pages\/1435"}],"collection":[{"href":"https:\/\/recursing-brown.85-215-64-142.plesk.page\/index.php\/wp-json\/wp\/v2\/pages"}],"about":[{"href":"https:\/\/recursing-brown.85-215-64-142.plesk.page\/index.php\/wp-json\/wp\/v2\/types\/page"}],"author":[{"embeddable":true,"href":"https:\/\/recursing-brown.85-215-64-142.plesk.page\/index.php\/wp-json\/wp\/v2\/users\/1"}],"replies":[{"embeddable":true,"href":"https:\/\/recursing-brown.85-215-64-142.plesk.page\/index.php\/wp-json\/wp\/v2\/comments?post=1435"}],"version-history":[{"count":4,"href":"https:\/\/recursing-brown.85-215-64-142.plesk.page\/index.php\/wp-json\/wp\/v2\/pages\/1435\/revisions"}],"predecessor-version":[{"id":1711,"href":"https:\/\/recursing-brown.85-215-64-142.plesk.page\/index.php\/wp-json\/wp\/v2\/pages\/1435\/revisions\/1711"}],"wp:attachment":[{"href":"https:\/\/recursing-brown.85-215-64-142.plesk.page\/index.php\/wp-json\/wp\/v2\/media?parent=1435"}],"curies":[{"name":"wp","href":"https:\/\/api.w.org\/{rel}","templated":true}]}}